{"id":17,"date":"2016-06-10T15:01:56","date_gmt":"2016-06-10T15:01:56","guid":{"rendered":"http:\/\/themes.pixeldima.com\/okab\/business\/?page_id=17"},"modified":"2017-07-11T10:09:14","modified_gmt":"2017-07-11T10:09:14","slug":"savoir-faire","status":"publish","type":"page","link":"https:\/\/zomra.dz\/index.php\/fr\/savoir-faire\/","title":{"rendered":"SAVOIR-FAIRE"},"content":{"rendered":"<p>[vc_row top_and_bottom_padding=&#8221;&#8221; left_and_right_padding=&#8221;&#8221; bg_type=&#8221;&#8221;][vc_column delay=&#8221;&#8221; delay_offset=&#8221;&#8221; bg_type=&#8221;&#8221; min_height=&#8221;&#8221; top_and_bottom_padding=&#8221;&#8221; left_and_right_padding=&#8221;&#8221; width=&#8221;2\/3&#8243;]<h5>L\u2019entreprise a grandi depuis ses d\u00e9buts dans la maintenance pour \u00e9tendre son expertise \u00e0 l\u2019automatisation cl\u00e9-en-main de plusieurs proc\u00e9d\u00e9s :<\/h5>\n<ul  class=\"list-style check\" ><li   >\n<h5>Centrales \u00e0 b\u00e9ton<\/h5>\n<\/li><li   >\n<h5>Machines de production de divers blocs en b\u00e9ton<\/h5>\n<\/li><li   >\n<h5>Fours industriels<\/h5>\n<\/li><li   >\n<h5>Stations de d\u00e9min\u00e9ralisation<\/h5>\n<\/li><li   >\n<h5>\u2026et plusieurs autres proc\u00e9d\u00e9s<\/h5>\n<\/li><\/ul><div  class=\"dima-clear\" style=\"padding-bottom:30px\"><\/div><h5>Aussi, notre r\u00f4le en tant que des sp\u00e9cialistes est d\u2019apporter un service complet \u00e0 nos clients en prenant en charge tous les aspects relatifs \u00e0 l\u2019exploitation des machines de production et ce en assurant :<\/h5>\n<ul  class=\"list-style check\" ><li   >\n<h5>Le d\u00e9montage\/d\u00e9placement\/montage des machines existantes<\/h5>\n<\/li><li   >\n<h5>Divers travaux de c\u00e2blage et conception des armoires<\/h5>\n<\/li><li   >\n<h5>La maintenance compl\u00e8te des machines \u00e0 tous les niveaux (automatique, m\u00e9canique, hydraulique, \u00e9lectrique, instrumentation)<\/h5>\n<\/li><li   >\n<h5>La r\u00e9novation et\/ou l\u2019automatisation des machines<\/h5>\n<\/li><\/ul>[\/vc_column][vc_column animation=&#8221;slideInLeft&#8221; delay=&#8221;&#8221; delay_offset=&#8221;&#8221; bg_type=&#8221;&#8221; min_height=&#8221;&#8221; top_and_bottom_padding=&#8221;&#8221; left_and_right_padding=&#8221;&#8221; width=&#8221;1\/3&#8243; id=&#8221;&#8221; class=&#8221;&#8221; style=&#8221;&#8221;]<div class=\"column-item overflow-hidden text-center apply-gray\"><img fetchpriority=\"high\" decoding=\"async\" width=\"500\" height=\"359\"  class=\"dima-img \" src=\"https:\/\/zomra.dz\/wp-content\/uploads\/2016\/06\/Image8-1.jpg\"   alt=\"\"><\/div><div  class=\"dima-clear\" style=\"padding-bottom:15px\"><\/div><div class=\"column-item overflow-hidden text-center\"><img decoding=\"async\" width=\"250\" height=\"514\"  class=\"dima-img \" src=\"https:\/\/zomra.dz\/wp-content\/uploads\/2016\/06\/savoir-faire-e1499952142123.jpg\"   alt=\"\"><\/div>[\/vc_column][\/vc_row]<\/p>\n","protected":false},"excerpt":{"rendered":"<p>[vc_row top_and_bottom_padding=&#8221;&#8221; left_and_right_padding=&#8221;&#8221; bg_type=&#8221;&#8221;][vc_column delay=&#8221;&#8221; delay_offset=&#8221;&#8221; bg_type=&#8221;&#8221; min_height=&#8221;&#8221; top_and_bottom_padding=&#8221;&#8221; left_and_right_padding=&#8221;&#8221; width=&#8221;2\/3&#8243;][\/vc_column][vc_column animation=&#8221;slideInLeft&#8221; delay=&#8221;&#8221; delay_offset=&#8221;&#8221; bg_type=&#8221;&#8221; min_height=&#8221;&#8221; top_and_bottom_padding=&#8221;&#8221; left_and_right_padding=&#8221;&#8221; width=&#8221;1\/3&#8243; id=&#8221;&#8221; class=&#8221;&#8221; style=&#8221;&#8221;][\/vc_column][\/vc_row]<\/p>\n","protected":false},"author":1,"featured_media":0,"parent":0,"menu_order":0,"comment_status":"closed","ping_status":"closed","template":"","meta":{"footnotes":""},"class_list":["post-17","page","type-page","status-publish","hentry"],"_links":{"self":[{"href":"https:\/\/zomra.dz\/index.php\/wp-json\/wp\/v2\/pages\/17","targetHints":{"allow":["GET"]}}],"collection":[{"href":"https:\/\/zomra.dz\/index.php\/wp-json\/wp\/v2\/pages"}],"about":[{"href":"https:\/\/zomra.dz\/index.php\/wp-json\/wp\/v2\/types\/page"}],"author":[{"embeddable":true,"href":"https:\/\/zomra.dz\/index.php\/wp-json\/wp\/v2\/users\/1"}],"replies":[{"embeddable":true,"href":"https:\/\/zomra.dz\/index.php\/wp-json\/wp\/v2\/comments?post=17"}],"version-history":[{"count":25,"href":"https:\/\/zomra.dz\/index.php\/wp-json\/wp\/v2\/pages\/17\/revisions"}],"predecessor-version":[{"id":680,"href":"https:\/\/zomra.dz\/index.php\/wp-json\/wp\/v2\/pages\/17\/revisions\/680"}],"wp:attachment":[{"href":"https:\/\/zomra.dz\/index.php\/wp-json\/wp\/v2\/media?parent=17"}],"curies":[{"name":"wp","href":"https:\/\/api.w.org\/{rel}","templated":true}]}}