{"id":123,"date":"2016-06-10T15:02:14","date_gmt":"2016-06-10T15:02:14","guid":{"rendered":"http:\/\/themes.pixeldima.com\/okab\/business\/?page_id=19"},"modified":"2018-12-27T06:59:08","modified_gmt":"2018-12-27T06:59:08","slug":"contactez-nous","status":"publish","type":"page","link":"http:\/\/zomra.dz\/index.php\/fr\/contactez-nous\/","title":{"rendered":"CONTACTEZ NOUS"},"content":{"rendered":"<p>[vc_row top_and_bottom_padding=&#8221;&#8221; left_and_right_padding=&#8221;&#8221; bg_type=&#8221;&#8221;][vc_column animation=&#8221;fadeInUp&#8221; delay=&#8221;400&#8243; delay_offset=&#8221;&#8221; bg_type=&#8221;&#8221; min_height=&#8221;&#8221; top_and_bottom_padding=&#8221;&#8221; left_and_right_padding=&#8221;&#8221; width=&#8221;1\/3&#8243; id=&#8221;&#8221; class=&#8221;&#8221; style=&#8221;&#8221;]<div  class=\"dima-iconbox no-box text-start features-start\" ><header  class=\"icon-box-header\" ><i style=\"color:#2b90d9;\" class=\"simple-icon-location-pin  icon-box-medium icon-box-hover\"><\/i><\/header><div  class=\"features-content\" ><h5 class=\"features-title no-title-hover\" >Adresse<\/h5>Cit\u00e9 01 NOVEMBER 54, COOP. BENDIA, N\u00b08, S\u00e9tif \u2013 Alg\u00e9rie.<\/div><\/div>[\/vc_column][vc_column animation=&#8221;fadeInUp&#8221; delay=&#8221;600&#8243; delay_offset=&#8221;&#8221; bg_type=&#8221;&#8221; min_height=&#8221;&#8221; top_and_bottom_padding=&#8221;&#8221; left_and_right_padding=&#8221;&#8221; width=&#8221;1\/3&#8243; id=&#8221;&#8221; class=&#8221;&#8221; style=&#8221;&#8221;]<div  class=\"dima-iconbox no-box text-start features-start\" ><header  class=\"icon-box-header\" ><i style=\"color:#2b90d9;\" class=\"simple-icon-screen-smartphone  icon-box-medium icon-box-hover\"><\/i><\/header><div  class=\"features-content\" ><h5 class=\"features-title no-title-hover\" >T\u00e9l\u00e9phone<\/h5>Mr BENDIA Rafik &#8211; G\u00e9rant :<\/p>\n<p style=\"text-align: left;\">+213 (0) 671 60 10 30<\/p>\n<p>Mr BENDIA Abdelkarim- Commercial :<\/p>\n<p>+213 (0) 671 09 00 14<\/p>\n<\/div><\/div>[\/vc_column][vc_column animation=&#8221;fadeInUp&#8221; delay=&#8221;800&#8243; delay_offset=&#8221;&#8221; bg_type=&#8221;&#8221; min_height=&#8221;&#8221; top_and_bottom_padding=&#8221;&#8221; left_and_right_padding=&#8221;&#8221; width=&#8221;1\/3&#8243; id=&#8221;&#8221; class=&#8221;&#8221; style=&#8221;&#8221;]<div  class=\"dima-iconbox no-box text-start features-start\" ><header  class=\"icon-box-header\" ><i style=\"color:#2b90d9;\" class=\"simple-icon-envelope-open  icon-box-medium icon-box-hover\"><\/i><\/header><div  class=\"features-content\" ><h5 class=\"features-title no-title-hover\" >E-mail<\/h5>contact@zomra.dz<\/div><\/div>[\/vc_column][\/vc_row][vc_row full_width=&#8221;full_width&#8221; top_and_bottom_padding=&#8221;&#8221; left_and_right_padding=&#8221;&#8221; bg_type=&#8221;&#8221; class=&#8221;&#8221; style=&#8221;&#8221;][vc_column delay=&#8221;&#8221; delay_offset=&#8221;&#8221; bg_type=&#8221;&#8221; min_height=&#8221;&#8221; top_and_bottom_padding=&#8221;&#8221; left_and_right_padding=&#8221;&#8221; width=&#8221;1\/1&#8243;][vc_gmaps link=&#8221;#E-8_JTNDaWZyYW1lJTIwc3JjJTNEJTIyaHR0cHMlM0ElMkYlMkZ3d3cuZ29vZ2xlLmNvbSUyRm1hcHMlMkZlbWJlZCUzRnBiJTNEJTIxMW0xOCUyMTFtMTIlMjExbTMlMjExZDMyMTkuOTI4NjkzNzc2NDgyMyUyMTJkNS40MzM2MjM1MTQ5MDI5NDE1JTIxM2QzNi4xOTI2MTU5ODAwNzgzJTIxMm0zJTIxMWYwJTIxMmYwJTIxM2YwJTIxM20yJTIxMWkxMDI0JTIxMmk3NjglMjE0ZjEzLjElMjEzbTMlMjExbTIlMjExczB4MTJmMzE1YWQzNGQ3ODdmYiUyNTNBMHhhNjVjNDQ1YzQ3NzU0NmFlJTIxMnNaT01SQSUyMTVlMCUyMTNtMiUyMTFzZnIlMjEyc2R6JTIxNHYxNDk5NzY1NzYyOTM4JTIyJTIwd2lkdGglM0QlMjI2MDAlMjIlMjBoZWlnaHQlM0QlMjI0NTAlMjIlMjBmcmFtZWJvcmRlciUzRCUyMjAlMjIlMjBzdHlsZSUzRCUyMmJvcmRlciUzQTAlMjIlMjBhbGxvd2Z1bGxzY3JlZW4lM0UlM0MlMkZpZnJhbWUlM0U=&#8221;][\/vc_column][\/vc_row][vc_row top_and_bottom_padding=&#8221;&#8221; left_and_right_padding=&#8221;&#8221; bg_type=&#8221;&#8221; class=&#8221;&#8221; style=&#8221;&#8221;][vc_column delay=&#8221;&#8221; delay_offset=&#8221;&#8221; bg_type=&#8221;&#8221; min_height=&#8221;&#8221; top_and_bottom_padding=&#8221;&#8221; left_and_right_padding=&#8221;&#8221; width=&#8221;1\/1&#8243;]<h2  class=\"dima-custom-heading text-center\" ><i class=\"fa fa-pencil-square-o\"><\/i>Ecrivez-nous maintenant<\/h2><p style=\"text-align: center;\">Nous sommes \u00e0 votre disposition. Nous r\u00e9pondrons rapidement \u00e0 toutes vos questions.<\/p>\n<div  class=\"dima-clear\" style=\"padding-bottom:50px\"><\/div>\n<div class=\"wpcf7 no-js\" id=\"wpcf7-f346-o1\" lang=\"en-US\" dir=\"ltr\" data-wpcf7-id=\"346\">\n<div class=\"screen-reader-response\"><p role=\"status\" aria-live=\"polite\" aria-atomic=\"true\"><\/p> <ul><\/ul><\/div>\n<form action=\"\/index.php\/wp-json\/wp\/v2\/pages\/123#wpcf7-f346-o1\" method=\"post\" class=\"wpcf7-form init\" aria-label=\"Contact form\" novalidate=\"novalidate\" data-status=\"init\">\n<div style=\"display: none;\">\n<input type=\"hidden\" name=\"_wpcf7\" value=\"346\" \/>\n<input type=\"hidden\" name=\"_wpcf7_version\" value=\"6.0.5\" \/>\n<input type=\"hidden\" name=\"_wpcf7_locale\" value=\"en_US\" \/>\n<input type=\"hidden\" name=\"_wpcf7_unit_tag\" value=\"wpcf7-f346-o1\" \/>\n<input type=\"hidden\" name=\"_wpcf7_container_post\" value=\"0\" \/>\n<input type=\"hidden\" name=\"_wpcf7_posted_data_hash\" value=\"\" \/>\n<\/div>\n<div class=\"ok-row\">\n\t<div class=\"ok-md-4 ok-xsd-12   \">\n\t\t<p>Votre nom (obligatoire)\n\t\t<\/p>\n\t\t<p><span class=\"wpcf7-form-control-wrap\" data-name=\"your-name\"><input size=\"40\" maxlength=\"400\" class=\"wpcf7-form-control wpcf7-text wpcf7-validates-as-required\" aria-required=\"true\" aria-invalid=\"false\" value=\"\" type=\"text\" name=\"your-name\" \/><\/span>\n\t\t<\/p>\n\t<\/div>\n\t<div class=\"ok-md-4 ok-xsd-12   \">\n\t\t<p>Votre e-mail (obligatoire)\n\t\t<\/p>\n\t\t<p><span class=\"wpcf7-form-control-wrap\" data-name=\"your-email\"><input size=\"40\" maxlength=\"400\" class=\"wpcf7-form-control wpcf7-email wpcf7-validates-as-required wpcf7-text wpcf7-validates-as-email\" aria-required=\"true\" aria-invalid=\"false\" value=\"\" type=\"email\" name=\"your-email\" \/><\/span>\n\t\t<\/p>\n\t<\/div>\n\t<div class=\"ok-md-4 ok-xsd-12   \">\n\t\t<p>Objet\n\t\t<\/p>\n\t\t<p><span class=\"wpcf7-form-control-wrap\" data-name=\"your-subject\"><input size=\"40\" maxlength=\"400\" class=\"wpcf7-form-control wpcf7-text\" aria-invalid=\"false\" value=\"\" type=\"text\" name=\"your-subject\" \/><\/span>\n\t\t<\/p>\n\t<\/div>\n<\/div>\n<p>Votre message\n<\/p>\n<p><span class=\"wpcf7-form-control-wrap\" data-name=\"your-message\"><textarea cols=\"40\" rows=\"10\" maxlength=\"2000\" class=\"wpcf7-form-control wpcf7-textarea\" aria-invalid=\"false\" name=\"your-message\"><\/textarea><\/span>\n<\/p>\n<p>[recaptcha]\n<\/p>\n<p class=\"dima-btn-rounded text-center\"><input class=\"wpcf7-form-control wpcf7-submit has-spinner\" type=\"submit\" value=\"Envoyer\" \/>\n<\/p><div class=\"wpcf7-response-output\" aria-hidden=\"true\"><\/div>\n<\/form>\n<\/div>\n[\/vc_column][\/vc_row]<\/p>\n","protected":false},"excerpt":{"rendered":"<p>[vc_row top_and_bottom_padding=&#8221;&#8221; left_and_right_padding=&#8221;&#8221; bg_type=&#8221;&#8221;][vc_column animation=&#8221;fadeInUp&#8221; delay=&#8221;400&#8243; delay_offset=&#8221;&#8221; bg_type=&#8221;&#8221; min_height=&#8221;&#8221; top_and_bottom_padding=&#8221;&#8221; left_and_right_padding=&#8221;&#8221; width=&#8221;1\/3&#8243; id=&#8221;&#8221; class=&#8221;&#8221; style=&#8221;&#8221;][\/vc_column][vc_column animation=&#8221;fadeInUp&#8221; delay=&#8221;600&#8243; delay_offset=&#8221;&#8221; bg_type=&#8221;&#8221; min_height=&#8221;&#8221; top_and_bottom_padding=&#8221;&#8221; left_and_right_padding=&#8221;&#8221; width=&#8221;1\/3&#8243; id=&#8221;&#8221; class=&#8221;&#8221; style=&#8221;&#8221;][\/vc_column][vc_column animation=&#8221;fadeInUp&#8221; delay=&#8221;800&#8243; delay_offset=&#8221;&#8221; bg_type=&#8221;&#8221; min_height=&#8221;&#8221; top_and_bottom_padding=&#8221;&#8221; left_and_right_padding=&#8221;&#8221; width=&#8221;1\/3&#8243; id=&#8221;&#8221; class=&#8221;&#8221; style=&#8221;&#8221;][\/vc_column][\/vc_row][vc_row full_width=&#8221;full_width&#8221; top_and_bottom_padding=&#8221;&#8221; left_and_right_padding=&#8221;&#8221; bg_type=&#8221;&#8221; class=&#8221;&#8221; style=&#8221;&#8221;][vc_column delay=&#8221;&#8221; delay_offset=&#8221;&#8221; bg_type=&#8221;&#8221; min_height=&#8221;&#8221; top_and_bottom_padding=&#8221;&#8221; left_and_right_padding=&#8221;&#8221; width=&#8221;1\/1&#8243;][vc_gmaps link=&#8221;#E-8_JTNDaWZyYW1lJTIwc3JjJTNEJTIyaHR0cHMlM0ElMkYlMkZ3d3cuZ29vZ2xlLmNvbSUyRm1hcHMlMkZlbWJlZCUzRnBiJTNEJTIxMW0xOCUyMTFtMTIlMjExbTMlMjExZDMyMTkuOTI4NjkzNzc2NDgyMyUyMTJkNS40MzM2MjM1MTQ5MDI5NDE1JTIxM2QzNi4xOTI2MTU5ODAwNzgzJTIxMm0zJTIxMWYwJTIxMmYwJTIxM2YwJTIxM20yJTIxMWkxMDI0JTIxMmk3NjglMjE0ZjEzLjElMjEzbTMlMjExbTIlMjExczB4MTJmMzE1YWQzNGQ3ODdmYiUyNTNBMHhhNjVjNDQ1YzQ3NzU0NmFlJTIxMnNaT01SQSUyMTVlMCUyMTNtMiUyMTFzZnIlMjEyc2R6JTIxNHYxNDk5NzY1NzYyOTM4JTIyJTIwd2lkdGglM0QlMjI2MDAlMjIlMjBoZWlnaHQlM0QlMjI0NTAlMjIlMjBmcmFtZWJvcmRlciUzRCUyMjAlMjIlMjBzdHlsZSUzRCUyMmJvcmRlciUzQTAlMjIlMjBhbGxvd2Z1bGxzY3JlZW4lM0UlM0MlMkZpZnJhbWUlM0U=&#8221;][\/vc_column][\/vc_row][vc_row top_and_bottom_padding=&#8221;&#8221; left_and_right_padding=&#8221;&#8221; bg_type=&#8221;&#8221; class=&#8221;&#8221; [&hellip;]<\/p>\n","protected":false},"author":1,"featured_media":0,"parent":0,"menu_order":0,"comment_status":"closed","ping_status":"closed","template":"","meta":{"footnotes":""},"class_list":["post-123","page","type-page","status-publish","hentry"],"_links":{"self":[{"href":"http:\/\/zomra.dz\/index.php\/wp-json\/wp\/v2\/pages\/123","targetHints":{"allow":["GET"]}}],"collection":[{"href":"http:\/\/zomra.dz\/index.php\/wp-json\/wp\/v2\/pages"}],"about":[{"href":"http:\/\/zomra.dz\/index.php\/wp-json\/wp\/v2\/types\/page"}],"author":[{"embeddable":true,"href":"http:\/\/zomra.dz\/index.php\/wp-json\/wp\/v2\/users\/1"}],"replies":[{"embeddable":true,"href":"http:\/\/zomra.dz\/index.php\/wp-json\/wp\/v2\/comments?post=123"}],"version-history":[{"count":26,"href":"http:\/\/zomra.dz\/index.php\/wp-json\/wp\/v2\/pages\/123\/revisions"}],"predecessor-version":[{"id":937,"href":"http:\/\/zomra.dz\/index.php\/wp-json\/wp\/v2\/pages\/123\/revisions\/937"}],"wp:attachment":[{"href":"http:\/\/zomra.dz\/index.php\/wp-json\/wp\/v2\/media?parent=123"}],"curies":[{"name":"wp","href":"https:\/\/api.w.org\/{rel}","templated":true}]}}