{"id":1105,"date":"2019-02-13T10:13:12","date_gmt":"2019-02-13T10:13:12","guid":{"rendered":"http:\/\/zomra.dz\/?page_id=1105"},"modified":"2019-02-13T10:31:20","modified_gmt":"2019-02-13T10:31:20","slug":"ag-price","status":"publish","type":"page","link":"http:\/\/zomra.dz\/index.php\/en\/ag-price\/","title":{"rendered":"ag-price"},"content":{"rendered":"\t\t<div data-elementor-type=\"wp-post\" data-elementor-id=\"1105\" class=\"elementor elementor-1105 elementor-bc-flex-widget\">\n\t\t\t\t\t\t<section class=\"elementor-section elementor-top-section elementor-element elementor-element-6a53f0cf elementor-section-content-middle elementor-section-boxed elementor-section-height-default elementor-section-height-default\" data-id=\"6a53f0cf\" data-element_type=\"section\">\n\t\t\t\t\t\t<div class=\"elementor-container elementor-column-gap-no\">\n\t\t\t\t\t<div class=\"elementor-column elementor-col-100 elementor-top-column elementor-element elementor-element-34330c77\" data-id=\"34330c77\" data-element_type=\"column\" data-settings=\"{&quot;background_background&quot;:&quot;classic&quot;}\">\n\t\t\t<div class=\"elementor-widget-wrap elementor-element-populated\">\n\t\t\t\t\t\t<div class=\"elementor-element elementor-element-2c7af5ac elementor-invisible elementor-widget elementor-widget-heading\" data-id=\"2c7af5ac\" data-element_type=\"widget\" data-settings=\"{&quot;_animation&quot;:&quot;fadeInUp&quot;}\" data-widget_type=\"heading.default\">\n\t\t\t\t\t<h4 class=\"elementor-heading-title elementor-size-default\">Services<\/h4>\t\t\t\t<\/div>\n\t\t\t\t<section class=\"elementor-section elementor-inner-section elementor-element elementor-element-24f8c7ee elementor-section-content-middle elementor-section-boxed elementor-section-height-default elementor-section-height-default\" data-id=\"24f8c7ee\" data-element_type=\"section\">\n\t\t\t\t\t\t<div class=\"elementor-container elementor-column-gap-no\">\n\t\t\t\t\t<div class=\"elementor-column elementor-col-50 elementor-inner-column elementor-element elementor-element-d3f9705 elementor-invisible\" data-id=\"d3f9705\" data-element_type=\"column\" data-settings=\"{&quot;animation&quot;:&quot;fadeInLeft&quot;,&quot;animation_delay&quot;:500}\">\n\t\t\t<div class=\"elementor-widget-wrap elementor-element-populated\">\n\t\t\t\t\t\t<div class=\"elementor-element elementor-element-275055de elementor-widget elementor-widget-image\" data-id=\"275055de\" data-element_type=\"widget\" data-widget_type=\"image.default\">\n\t\t\t\t\t\t\t\t\t\t\t\t\t\t\t<img fetchpriority=\"high\" decoding=\"async\" width=\"1485\" height=\"692\" src=\"http:\/\/zomra.dz\/wp-content\/uploads\/2018\/12\/cent01.jpg\" class=\"attachment-full size-full wp-image-1003\" alt=\"\" srcset=\"http:\/\/zomra.dz\/wp-content\/uploads\/2018\/12\/cent01.jpg 1485w, http:\/\/zomra.dz\/wp-content\/uploads\/2018\/12\/cent01-300x140.jpg 300w, http:\/\/zomra.dz\/wp-content\/uploads\/2018\/12\/cent01-768x358.jpg 768w, http:\/\/zomra.dz\/wp-content\/uploads\/2018\/12\/cent01-1024x477.jpg 1024w, http:\/\/zomra.dz\/wp-content\/uploads\/2018\/12\/cent01-585x273.jpg 585w, http:\/\/zomra.dz\/wp-content\/uploads\/2018\/12\/cent01-1110x517.jpg 1110w\" sizes=\"(max-width: 1485px) 100vw, 1485px\" \/>\t\t\t\t\t\t\t\t\t\t\t\t\t\t\t<\/div>\n\t\t\t\t\t<\/div>\n\t\t<\/div>\n\t\t\t\t<div class=\"elementor-column elementor-col-50 elementor-inner-column elementor-element elementor-element-3f9b802b animated-slow elementor-invisible\" data-id=\"3f9b802b\" data-element_type=\"column\" data-settings=\"{&quot;animation&quot;:&quot;fadeInRight&quot;,&quot;animation_delay&quot;:750}\">\n\t\t\t<div class=\"elementor-widget-wrap elementor-element-populated\">\n\t\t\t\t\t\t<div class=\"elementor-element elementor-element-6ad34136 elementor-widget elementor-widget-heading\" data-id=\"6ad34136\" data-element_type=\"widget\" data-widget_type=\"heading.default\">\n\t\t\t\t\t<h2 class=\"elementor-heading-title elementor-size-default\">CENTRALE \u00c0 B\u00c9TON COMPACTE ZC 90 <\/h2>\t\t\t\t<\/div>\n\t\t\t\t<div class=\"elementor-element elementor-element-27018ce4 elementor-widget elementor-widget-text-editor\" data-id=\"27018ce4\" data-element_type=\"widget\" data-widget_type=\"text-editor.default\">\n\t\t\t\t\t\t\t\t\t<p>Le premier fabricant alg\u00e9rien de<br \/>centrales \u00e0 b\u00e9ton <br \/>Qui vous garantit une centrale pouvant faire face \u00e0 toutes vous exigences ;<br \/>Il assure aussi un service apr\u00e8s-vente ou que vous soyez<\/p>\t\t\t\t\t\t\t\t<\/div>\n\t\t\t\t\t<\/div>\n\t\t<\/div>\n\t\t\t\t\t<\/div>\n\t\t<\/section>\n\t\t\t\t<section class=\"elementor-section elementor-inner-section elementor-element elementor-element-2f5071ef elementor-section-content-middle elementor-reverse-mobile elementor-section-boxed elementor-section-height-default elementor-section-height-default\" data-id=\"2f5071ef\" data-element_type=\"section\">\n\t\t\t\t\t\t<div class=\"elementor-container elementor-column-gap-no\">\n\t\t\t\t\t<div class=\"elementor-column elementor-col-50 elementor-inner-column elementor-element elementor-element-69ac8266 animated-slow elementor-invisible\" data-id=\"69ac8266\" data-element_type=\"column\" data-settings=\"{&quot;animation&quot;:&quot;fadeInLeft&quot;,&quot;animation_delay&quot;:1500}\">\n\t\t\t<div class=\"elementor-widget-wrap elementor-element-populated\">\n\t\t\t\t\t\t<div class=\"elementor-element elementor-element-430904b1 elementor-widget elementor-widget-heading\" data-id=\"430904b1\" data-element_type=\"widget\" data-widget_type=\"heading.default\">\n\t\t\t\t\t<h2 class=\"elementor-heading-title elementor-size-default\">La cabine<\/h2>\t\t\t\t<\/div>\n\t\t\t\t<div class=\"elementor-element elementor-element-20e8f63a elementor-widget elementor-widget-text-editor\" data-id=\"20e8f63a\" data-element_type=\"widget\" data-widget_type=\"text-editor.default\">\n\t\t\t\t\t\t\t\t\tCon\u00e7u en panneau sandwiche et baie vitr\u00e9e\n<br>\nLangueur 2m, largeur 3m, hauteur 2.5m\n<br>\nClimatis\u00e9\n<br>\nArmoire de commande, PC, imprimante, bureau, si\u00e8ge op\u00e9rateur\t\t\t\t\t\t\t\t<\/div>\n\t\t\t\t\t<\/div>\n\t\t<\/div>\n\t\t\t\t<div class=\"elementor-column elementor-col-50 elementor-inner-column elementor-element elementor-element-1bc0ca83 animated-slow elementor-invisible\" data-id=\"1bc0ca83\" data-element_type=\"column\" data-settings=\"{&quot;animation&quot;:&quot;fadeInRight&quot;,&quot;animation_delay&quot;:1000}\">\n\t\t\t<div class=\"elementor-widget-wrap elementor-element-populated\">\n\t\t\t\t\t\t<div class=\"elementor-element elementor-element-22de4a9 elementor-widget elementor-widget-image\" data-id=\"22de4a9\" data-element_type=\"widget\" data-widget_type=\"image.default\">\n\t\t\t\t\t\t\t\t\t\t\t\t\t\t\t<img decoding=\"async\" width=\"1024\" height=\"576\" src=\"http:\/\/zomra.dz\/wp-content\/uploads\/2018\/12\/cabine-1024x576.jpg\" class=\"attachment-large size-large wp-image-1041\" alt=\"\" srcset=\"http:\/\/zomra.dz\/wp-content\/uploads\/2018\/12\/cabine-1024x576.jpg 1024w, http:\/\/zomra.dz\/wp-content\/uploads\/2018\/12\/cabine-300x169.jpg 300w, http:\/\/zomra.dz\/wp-content\/uploads\/2018\/12\/cabine-768x432.jpg 768w, http:\/\/zomra.dz\/wp-content\/uploads\/2018\/12\/cabine-585x329.jpg 585w, http:\/\/zomra.dz\/wp-content\/uploads\/2018\/12\/cabine-1110x624.jpg 1110w, http:\/\/zomra.dz\/wp-content\/uploads\/2018\/12\/cabine.jpg 1213w\" sizes=\"(max-width: 1024px) 100vw, 1024px\" \/>\t\t\t\t\t\t\t\t\t\t\t\t\t\t\t<\/div>\n\t\t\t\t\t<\/div>\n\t\t<\/div>\n\t\t\t\t\t<\/div>\n\t\t<\/section>\n\t\t\t\t\t<\/div>\n\t\t<\/div>\n\t\t\t\t\t<\/div>\n\t\t<\/section>\n\t\t\t\t<section class=\"elementor-section elementor-top-section elementor-element elementor-element-4c6c0f6 elementor-section-boxed elementor-section-height-default elementor-section-height-default\" data-id=\"4c6c0f6\" data-element_type=\"section\">\n\t\t\t\t\t\t<div class=\"elementor-container elementor-column-gap-default\">\n\t\t\t\t\t<div class=\"elementor-column elementor-col-50 elementor-top-column elementor-element elementor-element-13e254a\" data-id=\"13e254a\" data-element_type=\"column\">\n\t\t\t<div class=\"elementor-widget-wrap\">\n\t\t\t\t\t\t\t<\/div>\n\t\t<\/div>\n\t\t\t\t<div class=\"elementor-column elementor-col-50 elementor-top-column elementor-element elementor-element-478985f\" data-id=\"478985f\" data-element_type=\"column\">\n\t\t\t<div class=\"elementor-widget-wrap\">\n\t\t\t\t\t\t\t<\/div>\n\t\t<\/div>\n\t\t\t\t\t<\/div>\n\t\t<\/section>\n\t\t\t\t<\/div>\n\t\t","protected":false},"excerpt":{"rendered":"<p>Services CENTRALE \u00c0 B\u00c9TON COMPACTE ZC 90 Le premier fabricant alg\u00e9rien decentrales \u00e0 b\u00e9ton Qui vous garantit une centrale pouvant faire face \u00e0 toutes vous exigences ;Il assure aussi un service apr\u00e8s-vente ou que vous soyez La cabine Con\u00e7u en panneau sandwiche et baie vitr\u00e9e Langueur 2m, largeur 3m, hauteur 2.5m Climatis\u00e9 Armoire de commande, [&hellip;]<\/p>\n","protected":false},"author":1,"featured_media":0,"parent":0,"menu_order":0,"comment_status":"closed","ping_status":"closed","template":"","meta":{"footnotes":""},"class_list":["post-1105","page","type-page","status-publish","hentry"],"_links":{"self":[{"href":"http:\/\/zomra.dz\/index.php\/wp-json\/wp\/v2\/pages\/1105","targetHints":{"allow":["GET"]}}],"collection":[{"href":"http:\/\/zomra.dz\/index.php\/wp-json\/wp\/v2\/pages"}],"about":[{"href":"http:\/\/zomra.dz\/index.php\/wp-json\/wp\/v2\/types\/page"}],"author":[{"embeddable":true,"href":"http:\/\/zomra.dz\/index.php\/wp-json\/wp\/v2\/users\/1"}],"replies":[{"embeddable":true,"href":"http:\/\/zomra.dz\/index.php\/wp-json\/wp\/v2\/comments?post=1105"}],"version-history":[{"count":6,"href":"http:\/\/zomra.dz\/index.php\/wp-json\/wp\/v2\/pages\/1105\/revisions"}],"predecessor-version":[{"id":1123,"href":"http:\/\/zomra.dz\/index.php\/wp-json\/wp\/v2\/pages\/1105\/revisions\/1123"}],"wp:attachment":[{"href":"http:\/\/zomra.dz\/index.php\/wp-json\/wp\/v2\/media?parent=1105"}],"curies":[{"name":"wp","href":"https:\/\/api.w.org\/{rel}","templated":true}]}}